{"id":38,"date":"2025-02-01T23:37:01","date_gmt":"2025-02-01T22:37:01","guid":{"rendered":"http:\/\/troupedelamisericorde.fr\/?page_id=38"},"modified":"2025-02-03T21:39:41","modified_gmt":"2025-02-03T20:39:41","slug":"madame-elisabeth","status":"publish","type":"page","link":"https:\/\/troupedelamisericorde.fr\/index.php\/madame-elisabeth\/","title":{"rendered":"Madame Elisabeth"},"content":{"rendered":"\n<div class=\"wp-block-columns is-layout-flex wp-container-core-columns-is-layout-28f84493 wp-block-columns-is-layout-flex\">\n<div class=\"wp-block-column is-layout-flow wp-block-column-is-layout-flow\" style=\"flex-basis:33.33%\">\n<p>Nous avons suivi les pas de Madame Elizabeth, s\u0153ur de Louis XVI; figure \u00e9blouissante de d\u00e9vouement et d&#8217;amour du Christ.<\/p>\n<\/div>\n\n\n\n<div class=\"wp-block-column is-layout-flow wp-block-column-is-layout-flow\" style=\"flex-basis:66.66%\">\n<figure class=\"wp-block-image size-full\"><img loading=\"lazy\" decoding=\"async\" width=\"200\" height=\"283\" src=\"https:\/\/troupedelamisericorde.fr\/wp-content\/uploads\/2025\/02\/1645541538165-1645361508066-elisa.jpg\" alt=\"\" class=\"wp-image-68\"\/><\/figure>\n<\/div>\n<\/div>\n\n\n\n<p>Sa vie a commenc\u00e9 comme un conte de f\u00e9e ! Na\u00eetre princesse de France, pourrait-on r\u00eaver un destin plus d\u00e9sirable? Et pourtant, elle perd ses parents tr\u00e8s jeunes et se trouve emporrt\u00e9e dans la tourmente de la R\u00e9volution Fran\u00e7aise. Que faire de sa vie? Une pr\u00e9sence aimante, anim\u00e9e par l&#8217;amour de Dieu, de la France, du Roi, des pauvres et des malades jusqu&#8217;au sacrifice de sa vie. Une vie discr\u00e8te pour une femme d&#8217;un caract\u00e8re de feu, un mod\u00e8le pour notre temps et dont le proc\u00e8s de b\u00e9atification est en cours.<\/p>\n\n\n\n<figure class=\"wp-block-gallery has-nested-images columns-default is-cropped wp-block-gallery-1 is-layout-flex wp-block-gallery-is-layout-flex\">\n<figure class=\"wp-block-image size-large\"><img loading=\"lazy\" decoding=\"async\" width=\"1024\" height=\"739\" data-id=\"69\" src=\"https:\/\/troupedelamisericorde.fr\/wp-content\/uploads\/2025\/02\/2022-04-10-mme-elisabeth-179--1024x739.jpg\" alt=\"\" class=\"wp-image-69\" srcset=\"https:\/\/troupedelamisericorde.fr\/wp-content\/uploads\/2025\/02\/2022-04-10-mme-elisabeth-179--1024x739.jpg 1024w, https:\/\/troupedelamisericorde.fr\/wp-content\/uploads\/2025\/02\/2022-04-10-mme-elisabeth-179--300x216.jpg 300w, https:\/\/troupedelamisericorde.fr\/wp-content\/uploads\/2025\/02\/2022-04-10-mme-elisabeth-179--768x554.jpg 768w, https:\/\/troupedelamisericorde.fr\/wp-content\/uploads\/2025\/02\/2022-04-10-mme-elisabeth-179--1536x1108.jpg 1536w, https:\/\/troupedelamisericorde.fr\/wp-content\/uploads\/2025\/02\/2022-04-10-mme-elisabeth-179-.jpg 1920w\" sizes=\"auto, (max-width: 1024px) 100vw, 1024px\" \/><\/figure>\n\n\n\n<figure class=\"wp-block-image size-large\"><img loading=\"lazy\" decoding=\"async\" width=\"683\" height=\"1024\" data-id=\"70\" src=\"https:\/\/troupedelamisericorde.fr\/wp-content\/uploads\/2025\/02\/2022-04-10-mme-elisabeth-66--683x1024.jpg\" alt=\"\" class=\"wp-image-70\" srcset=\"https:\/\/troupedelamisericorde.fr\/wp-content\/uploads\/2025\/02\/2022-04-10-mme-elisabeth-66--683x1024.jpg 683w, https:\/\/troupedelamisericorde.fr\/wp-content\/uploads\/2025\/02\/2022-04-10-mme-elisabeth-66--200x300.jpg 200w, https:\/\/troupedelamisericorde.fr\/wp-content\/uploads\/2025\/02\/2022-04-10-mme-elisabeth-66--768x1152.jpg 768w, https:\/\/troupedelamisericorde.fr\/wp-content\/uploads\/2025\/02\/2022-04-10-mme-elisabeth-66--1024x1536.jpg 1024w, https:\/\/troupedelamisericorde.fr\/wp-content\/uploads\/2025\/02\/2022-04-10-mme-elisabeth-66-.jpg 1280w\" sizes=\"auto, (max-width: 683px) 100vw, 683px\" \/><\/figure>\n\n\n\n<figure class=\"wp-block-image size-large\"><img loading=\"lazy\" decoding=\"async\" width=\"689\" height=\"1024\" data-id=\"71\" src=\"https:\/\/troupedelamisericorde.fr\/wp-content\/uploads\/2025\/02\/2022-04-10-mme-elisabeth-39--689x1024.jpg\" alt=\"\" class=\"wp-image-71\" srcset=\"https:\/\/troupedelamisericorde.fr\/wp-content\/uploads\/2025\/02\/2022-04-10-mme-elisabeth-39--689x1024.jpg 689w, https:\/\/troupedelamisericorde.fr\/wp-content\/uploads\/2025\/02\/2022-04-10-mme-elisabeth-39--202x300.jpg 202w, https:\/\/troupedelamisericorde.fr\/wp-content\/uploads\/2025\/02\/2022-04-10-mme-elisabeth-39--768x1142.jpg 768w, https:\/\/troupedelamisericorde.fr\/wp-content\/uploads\/2025\/02\/2022-04-10-mme-elisabeth-39--1033x1536.jpg 1033w, https:\/\/troupedelamisericorde.fr\/wp-content\/uploads\/2025\/02\/2022-04-10-mme-elisabeth-39-.jpg 1291w\" sizes=\"auto, (max-width: 689px) 100vw, 689px\" \/><\/figure>\n\n\n\n<figure class=\"wp-block-image size-large\"><img loading=\"lazy\" decoding=\"async\" width=\"1024\" height=\"649\" data-id=\"72\" src=\"https:\/\/troupedelamisericorde.fr\/wp-content\/uploads\/2025\/02\/2022-04-10-mme-elisabeth-21--1024x649.jpg\" alt=\"\" class=\"wp-image-72\" srcset=\"https:\/\/troupedelamisericorde.fr\/wp-content\/uploads\/2025\/02\/2022-04-10-mme-elisabeth-21--1024x649.jpg 1024w, https:\/\/troupedelamisericorde.fr\/wp-content\/uploads\/2025\/02\/2022-04-10-mme-elisabeth-21--300x190.jpg 300w, https:\/\/troupedelamisericorde.fr\/wp-content\/uploads\/2025\/02\/2022-04-10-mme-elisabeth-21--768x486.jpg 768w, https:\/\/troupedelamisericorde.fr\/wp-content\/uploads\/2025\/02\/2022-04-10-mme-elisabeth-21--1536x973.jpg 1536w, https:\/\/troupedelamisericorde.fr\/wp-content\/uploads\/2025\/02\/2022-04-10-mme-elisabeth-21-.jpg 1920w\" sizes=\"auto, (max-width: 1024px) 100vw, 1024px\" \/><\/figure>\n\n\n\n<figure class=\"wp-block-image size-large\"><img loading=\"lazy\" decoding=\"async\" width=\"1024\" height=\"693\" data-id=\"73\" src=\"https:\/\/troupedelamisericorde.fr\/wp-content\/uploads\/2025\/02\/2022-04-10-mme-elisabeth-17--1024x693.jpg\" alt=\"\" class=\"wp-image-73\" srcset=\"https:\/\/troupedelamisericorde.fr\/wp-content\/uploads\/2025\/02\/2022-04-10-mme-elisabeth-17--1024x693.jpg 1024w, https:\/\/troupedelamisericorde.fr\/wp-content\/uploads\/2025\/02\/2022-04-10-mme-elisabeth-17--300x203.jpg 300w, https:\/\/troupedelamisericorde.fr\/wp-content\/uploads\/2025\/02\/2022-04-10-mme-elisabeth-17--768x520.jpg 768w, https:\/\/troupedelamisericorde.fr\/wp-content\/uploads\/2025\/02\/2022-04-10-mme-elisabeth-17--1536x1040.jpg 1536w, https:\/\/troupedelamisericorde.fr\/wp-content\/uploads\/2025\/02\/2022-04-10-mme-elisabeth-17-.jpg 1920w\" sizes=\"auto, (max-width: 1024px) 100vw, 1024px\" \/><\/figure>\n<\/figure>\n","protected":false},"excerpt":{"rendered":"<p>Nous avons suivi les pas de Madame Elizabeth, s\u0153ur de Louis XVI; figure \u00e9blouissante de d\u00e9vouement et d&#8217;amour du Christ. Sa vie a commenc\u00e9 comme un conte de f\u00e9e ! Na\u00eetre princesse de France, pourrait-on r\u00eaver un destin plus d\u00e9sirable? Et pourtant, elle perd ses parents tr\u00e8s jeunes et se trouve emporrt\u00e9e dans la tourmente [&hellip;]<\/p>\n","protected":false},"author":1,"featured_media":0,"parent":0,"menu_order":0,"comment_status":"closed","ping_status":"closed","template":"","meta":{"footnotes":""},"class_list":["post-38","page","type-page","status-publish","hentry"],"_links":{"self":[{"href":"https:\/\/troupedelamisericorde.fr\/index.php\/wp-json\/wp\/v2\/pages\/38","targetHints":{"allow":["GET"]}}],"collection":[{"href":"https:\/\/troupedelamisericorde.fr\/index.php\/wp-json\/wp\/v2\/pages"}],"about":[{"href":"https:\/\/troupedelamisericorde.fr\/index.php\/wp-json\/wp\/v2\/types\/page"}],"author":[{"embeddable":true,"href":"https:\/\/troupedelamisericorde.fr\/index.php\/wp-json\/wp\/v2\/users\/1"}],"replies":[{"embeddable":true,"href":"https:\/\/troupedelamisericorde.fr\/index.php\/wp-json\/wp\/v2\/comments?post=38"}],"version-history":[{"count":2,"href":"https:\/\/troupedelamisericorde.fr\/index.php\/wp-json\/wp\/v2\/pages\/38\/revisions"}],"predecessor-version":[{"id":74,"href":"https:\/\/troupedelamisericorde.fr\/index.php\/wp-json\/wp\/v2\/pages\/38\/revisions\/74"}],"wp:attachment":[{"href":"https:\/\/troupedelamisericorde.fr\/index.php\/wp-json\/wp\/v2\/media?parent=38"}],"curies":[{"name":"wp","href":"https:\/\/api.w.org\/{rel}","templated":true}]}}