{"id":81,"date":"2025-02-12T23:17:58","date_gmt":"2025-02-12T22:17:58","guid":{"rendered":"https:\/\/troupedelamisericorde.fr\/?page_id=81"},"modified":"2025-03-23T21:34:06","modified_gmt":"2025-03-23T20:34:06","slug":"thomas-more","status":"publish","type":"page","link":"https:\/\/troupedelamisericorde.fr\/index.php\/thomas-more\/","title":{"rendered":"Thomas More"},"content":{"rendered":"\n<div class=\"wp-block-media-text is-stacked-on-mobile\"><figure class=\"wp-block-media-text__media\"><img loading=\"lazy\" decoding=\"async\" width=\"390\" height=\"491\" src=\"http:\/\/troupedelamisericorde.fr\/wp-content\/uploads\/2025\/02\/Portrait_of_Thomas_More_by_Hans_Holbein_d._J._in_the_Frick_Colllection.jpg\" alt=\"\" class=\"wp-image-9 size-full\" srcset=\"https:\/\/troupedelamisericorde.fr\/wp-content\/uploads\/2025\/02\/Portrait_of_Thomas_More_by_Hans_Holbein_d._J._in_the_Frick_Colllection.jpg 390w, https:\/\/troupedelamisericorde.fr\/wp-content\/uploads\/2025\/02\/Portrait_of_Thomas_More_by_Hans_Holbein_d._J._in_the_Frick_Colllection-238x300.jpg 238w\" sizes=\"auto, (max-width: 390px) 100vw, 390px\" \/><\/figure><div class=\"wp-block-media-text__content\">\n<p>Londres, 6 juillet 1535. C\u2019est un triste jour pour l\u2019Angleterre, m\u00eame si elle l\u2019ignore. Depuis la fen\u00eatre de sa cellule de la tour de Londres, <a href=\"https:\/\/fr.aleteia.org\/tag\/thomas-more\/\">Thomas More<\/a> regarde le soleil se lever. C\u2019est la derni\u00e8re aube qu\u2019il voit, car c\u2019est aujourd\u2019hui qu\u2019il va mourir. Alors que les rayons dor\u00e9s engloutissent la ville, l\u2019ancien chancelier du royaume repense \u00e0 sa vie.&nbsp;<\/p>\n<\/div><\/div>\n\n\n\n<p>Juriste de talent, avocat devenu juge \u00e0 moins de 30 ans, il est rep\u00e9r\u00e9 par le roi Henri VIII qui s\u2019empresse de le prendre \u00e0 son service. Thomas devient ministre des finances, pr\u00e9sident de la chambre des communes et enfin chancelier.<\/p>\n\n\n\n<p>Il semblait parvenu au sommet de ce qu\u2019un homme peut gravir par ses propres qualit\u00e9s mais la roche tarp\u00e9ienne n\u2019est pas loin du Capitole&nbsp;! Son sort sera scell\u00e9 par la volont\u00e9 du roi. Henri VIII veut \u00e0 tout prix un h\u00e9ritier m\u00e2le. Pour cela il va r\u00e9pudier la reine Catherine d\u2019Aragon afin de pouvoir \u00e9pouser sa favorite Anne Boleyn. Le pape refuse ce divorce, Henri VIII s\u2019ent\u00eate et entra\u00eene avec lui l\u2019\u00e9glise d\u2019Angleterre dont il se proclame le chef et force son royaume \u00e0 le suivre.<\/p>\n\n\n\n<p>Bien peu seront ceux qui resteront fid\u00e8le \u00e0 la loi divine&nbsp;; Thomas More est l\u2019un d\u2019eux. S\u2019il est Humaniste, c\u2019est aussi et surtout un chr\u00e9tien, membre du tiers ordre franciscain. Ce n\u2019est pas un rebelle, un r\u00e9volt\u00e9 mais un homme qui dit non, non pas en le criant sur les toits mais en se murant dans le myst\u00e9rieux silence du refus. Il veut avant tout prot\u00e9ger sa famille il sera consid\u00e9r\u00e9 comme un tra\u00eetre par les grands du royaume dont certains \u00e9taient pourtant ses amis.&nbsp;<\/p>\n\n\n\n<p>Quelques si\u00e8cles plus t\u00f4t, un autre Thomas avait trouv\u00e9 la mort en s\u2019opposant ainsi \u00e0 un autre Henri pour l\u2019honneur de l\u2019\u00c9glise de Dieu. Saint Thomas Becket avait affront\u00e9 Henri II Plantagen\u00eat au prix de sa vie.&nbsp;<\/p>\n\n\n\n<p>C\u2019est ainsi que l\u2019histoire se r\u00e9p\u00e8te. Comme Antigone, comme Becket, Thomas More va payer de sa vie sa douce obstination de fid\u00e9lit\u00e9 \u00e0 la v\u00e9rit\u00e9.<\/p>\n\n\n\n<p>Devant son refus de pr\u00eater serment au nouveau chef de l\u2019\u00c9glise d\u2019Angleterre, Henri VIII fait enfermer Thomas More dans la tour de Londres en mars 1534. Apr\u00e8s quinze mois de mauvais traitement, il est condamn\u00e9 \u00e0 mort pour haute trahison. Thomas More lib\u00e8re alors sa conscience et d\u00e9clare au tribunal : &#8220;L\u2019accusation s\u2019est fond\u00e9e sur un acte du Parlement qui est cat\u00e9goriquement incompatible avec la loi de Dieu et de la Sainte \u00c9glise. Car nulle personne ne peut se pr\u00e9valoir d\u2019une loi humaine pour prendre le gouvernement supr\u00eame de l\u2019\u00c9glise entre ses mains. Ce gouvernement a \u00e9t\u00e9 accord\u00e9 par la bouche de notre Sauveur-J\u00e9sus Lui-m\u00eame \u00e0 St Pierre, et apr\u00e8s lui aux \u00e9v\u00eaques de Rome, quand le Christ \u00e9tait vivant et qu\u2019Il \u00e9tait personnellement pr\u00e9sent sur cette terre. En cons\u00e9quence, nul n\u2019est fond\u00e9 en droit, \u00e0 accuser un chr\u00e9tien d\u2019observer cette loi morale.&#8221;<\/p>\n\n\n\n<p>Au pied de l&#8217;\u00e9chafaud il dit simplement : &#8221;&nbsp;Je meurs en bon serviteur de mon souverain, mais de Dieu d\u2019abord.&#8221; Ainsi mourut l\u2019auteur d\u2019Utopia que Jean Anouilh a appel\u00e9&nbsp;: \u00ab&nbsp;l\u2019homme libre&nbsp;\u00bb.<\/p>\n\n\n\n<p>Sa conscience \u00e9tait suffisamment droite et \u00e9clair\u00e9e par la raison et la foi pour lui donner la conviction et la force d\u2019objecter \u00e0 l\u2019ordre gravement injuste du roi. En se sacrifiant, il ob\u00e9issait \u00e0 sa propre conscience et rendait ainsi librement t\u00e9moignage de la Justice, qui demeure \u00e9ternellement au-del\u00e0 des lois de ce monde.&#8221;<\/p>\n\n\n\n<p>Il fut b\u00e9atifi\u00e9 le 29 d\u00e9cembre 1886 par le pape L\u00e9on XIII et canonis\u00e9 par le pape Pie XI en 1935.<\/p>\n\n\n\n<p>Le pape Saint Jean-Paul II le proclama patron des responsables de gouvernement et des hommes politiques le 31 octobre 2000.<\/p>\n\n\n\n<p>Il est f\u00eat\u00e9 le 22 juin.<\/p>\n","protected":false},"excerpt":{"rendered":"<p>Londres, 6 juillet 1535. C\u2019est un triste jour pour l\u2019Angleterre, m\u00eame si elle l\u2019ignore. Depuis la fen\u00eatre de sa cellule de la tour de Londres, Thomas More regarde le soleil se lever. C\u2019est la derni\u00e8re aube qu\u2019il voit, car c\u2019est aujourd\u2019hui qu\u2019il va mourir. Alors que les rayons dor\u00e9s engloutissent la ville, l\u2019ancien chancelier du [&hellip;]<\/p>\n","protected":false},"author":1,"featured_media":0,"parent":0,"menu_order":0,"comment_status":"closed","ping_status":"closed","template":"","meta":{"footnotes":""},"class_list":["post-81","page","type-page","status-publish","hentry"],"_links":{"self":[{"href":"https:\/\/troupedelamisericorde.fr\/index.php\/wp-json\/wp\/v2\/pages\/81","targetHints":{"allow":["GET"]}}],"collection":[{"href":"https:\/\/troupedelamisericorde.fr\/index.php\/wp-json\/wp\/v2\/pages"}],"about":[{"href":"https:\/\/troupedelamisericorde.fr\/index.php\/wp-json\/wp\/v2\/types\/page"}],"author":[{"embeddable":true,"href":"https:\/\/troupedelamisericorde.fr\/index.php\/wp-json\/wp\/v2\/users\/1"}],"replies":[{"embeddable":true,"href":"https:\/\/troupedelamisericorde.fr\/index.php\/wp-json\/wp\/v2\/comments?post=81"}],"version-history":[{"count":3,"href":"https:\/\/troupedelamisericorde.fr\/index.php\/wp-json\/wp\/v2\/pages\/81\/revisions"}],"predecessor-version":[{"id":98,"href":"https:\/\/troupedelamisericorde.fr\/index.php\/wp-json\/wp\/v2\/pages\/81\/revisions\/98"}],"wp:attachment":[{"href":"https:\/\/troupedelamisericorde.fr\/index.php\/wp-json\/wp\/v2\/media?parent=81"}],"curies":[{"name":"wp","href":"https:\/\/api.w.org\/{rel}","templated":true}]}}