{"id":89,"date":"2025-02-15T20:53:14","date_gmt":"2025-02-15T19:53:14","guid":{"rendered":"https:\/\/troupedelamisericorde.fr\/?page_id=89"},"modified":"2025-02-15T20:53:14","modified_gmt":"2025-02-15T19:53:14","slug":"nos-pieces","status":"publish","type":"page","link":"https:\/\/troupedelamisericorde.fr\/index.php\/nos-pieces\/","title":{"rendered":"Nos pi\u00e8ces"},"content":{"rendered":"\n<p><a href=\"https:\/\/troupedelamisericorde.fr\/index.php\/don-bosco\/\" data-type=\"page\" data-id=\"31\">2024 : Don Bosco<\/a><\/p>\n\n\n\n<p><a href=\"https:\/\/troupedelamisericorde.fr\/index.php\/madame-elisabeth\/\" data-type=\"page\" data-id=\"38\">2022 : Madame Elisabeth<\/a><\/p>\n\n\n\n<p><a href=\"https:\/\/troupedelamisericorde.fr\/index.php\/baudoin-iv\/\" data-type=\"page\" data-id=\"40\">2018 : Le roi Baudoin IV<\/a><\/p>\n\n\n\n<p>2016 : Le si\u00e8cle des Saints<\/p>\n\n\n\n<p>2014 : Fors l&#8217;honneur de Dieu<\/p>\n\n\n\n<p>2013 : Le com\u00e9dien pris \u00e0 son jeu<\/p>\n\n\n\n<p>2012 : Le dialogue des Carm\u00e9lites<\/p>\n","protected":false},"excerpt":{"rendered":"<p>2024 : Don Bosco 2022 : Madame Elisabeth 2018 : Le roi Baudoin IV 2016 : Le si\u00e8cle des Saints 2014 : Fors l&#8217;honneur de Dieu 2013 : Le com\u00e9dien pris \u00e0 son jeu 2012 : Le dialogue des Carm\u00e9lites<\/p>\n","protected":false},"author":1,"featured_media":0,"parent":0,"menu_order":0,"comment_status":"closed","ping_status":"closed","template":"","meta":{"footnotes":""},"class_list":["post-89","page","type-page","status-publish","hentry"],"_links":{"self":[{"href":"https:\/\/troupedelamisericorde.fr\/index.php\/wp-json\/wp\/v2\/pages\/89","targetHints":{"allow":["GET"]}}],"collection":[{"href":"https:\/\/troupedelamisericorde.fr\/index.php\/wp-json\/wp\/v2\/pages"}],"about":[{"href":"https:\/\/troupedelamisericorde.fr\/index.php\/wp-json\/wp\/v2\/types\/page"}],"author":[{"embeddable":true,"href":"https:\/\/troupedelamisericorde.fr\/index.php\/wp-json\/wp\/v2\/users\/1"}],"replies":[{"embeddable":true,"href":"https:\/\/troupedelamisericorde.fr\/index.php\/wp-json\/wp\/v2\/comments?post=89"}],"version-history":[{"count":2,"href":"https:\/\/troupedelamisericorde.fr\/index.php\/wp-json\/wp\/v2\/pages\/89\/revisions"}],"predecessor-version":[{"id":91,"href":"https:\/\/troupedelamisericorde.fr\/index.php\/wp-json\/wp\/v2\/pages\/89\/revisions\/91"}],"wp:attachment":[{"href":"https:\/\/troupedelamisericorde.fr\/index.php\/wp-json\/wp\/v2\/media?parent=89"}],"curies":[{"name":"wp","href":"https:\/\/api.w.org\/{rel}","templated":true}]}}